{"id":12,"date":"2025-05-01T08:52:54","date_gmt":"2025-05-01T08:52:54","guid":{"rendered":"https:\/\/igreenbeneficios.com.br\/?page_id=12"},"modified":"2025-06-02T22:55:43","modified_gmt":"2025-06-02T22:55:43","slug":"igreen-captura","status":"publish","type":"page","link":"https:\/\/igreenbeneficios.com.br\/","title":{"rendered":"Igreen Captura"},"content":{"rendered":"\t\t<div data-elementor-type=\"wp-page\" data-elementor-id=\"12\" class=\"elementor elementor-12\" data-elementor-post-type=\"page\">\n\t\t\t\t\t\t<section class=\"elementor-section elementor-top-section elementor-element elementor-element-18aa4110 elementor-section-height-full elementor-section-full_width elementor-section-height-default elementor-section-items-middle\" data-id=\"18aa4110\" data-element_type=\"section\" data-e-type=\"section\" data-settings=\"{&quot;background_background&quot;:&quot;classic&quot;}\">\n\t\t\t\t\t\t\t<div class=\"elementor-background-overlay\"><\/div>\n\t\t\t\t\t\t\t<div class=\"elementor-container elementor-column-gap-default\">\n\t\t\t\t\t<div class=\"elementor-column elementor-col-100 elementor-top-column elementor-element elementor-element-93a0403\" data-id=\"93a0403\" data-element_type=\"column\" data-e-type=\"column\">\n\t\t\t<div class=\"elementor-widget-wrap elementor-element-populated\">\n\t\t\t\t\t\t<div class=\"elementor-element elementor-element-8aae076 elementor-widget elementor-widget-image\" data-id=\"8aae076\" data-element_type=\"widget\" data-e-type=\"widget\" data-widget_type=\"image.default\">\n\t\t\t\t<div class=\"elementor-widget-container\">\n\t\t\t\t\t\t\t\t\t\t\t\t\t\t\t<img fetchpriority=\"high\" decoding=\"async\" width=\"768\" height=\"312\" src=\"https:\/\/igreenbeneficios.com.br\/wp-content\/uploads\/2025\/05\/0c2907_ad4581f5ea8b47f692c613e423b7aa58mv2-768x312.png\" class=\"attachment-medium_large size-medium_large wp-image-26\" alt=\"\" srcset=\"https:\/\/igreenbeneficios.com.br\/wp-content\/uploads\/2025\/05\/0c2907_ad4581f5ea8b47f692c613e423b7aa58mv2-768x312.png 768w, https:\/\/igreenbeneficios.com.br\/wp-content\/uploads\/2025\/05\/0c2907_ad4581f5ea8b47f692c613e423b7aa58mv2-300x122.png 300w, https:\/\/igreenbeneficios.com.br\/wp-content\/uploads\/2025\/05\/0c2907_ad4581f5ea8b47f692c613e423b7aa58mv2-1024x416.png 1024w, https:\/\/igreenbeneficios.com.br\/wp-content\/uploads\/2025\/05\/0c2907_ad4581f5ea8b47f692c613e423b7aa58mv2-1536x624.png 1536w, https:\/\/igreenbeneficios.com.br\/wp-content\/uploads\/2025\/05\/0c2907_ad4581f5ea8b47f692c613e423b7aa58mv2-2048x832.png 2048w\" sizes=\"(max-width: 768px) 100vw, 768px\" \/>\t\t\t\t\t\t\t\t\t\t\t\t\t\t\t<\/div>\n\t\t\t\t<\/div>\n\t\t\t\t<div class=\"elementor-element elementor-element-e0d0f00 elementor-widget elementor-widget-heading\" data-id=\"e0d0f00\" data-element_type=\"widget\" data-e-type=\"widget\" data-widget_type=\"heading.default\">\n\t\t\t\t<div class=\"elementor-widget-container\">\n\t\t\t\t\t<h2 class=\"elementor-heading-title elementor-size-default\">A Maior Empresa de <b style=\"color: #1eb858\">Energia Limpa do Brasil<\/b> Sem custos e Sem Instala\u00e7\u00e3o \n<\/h2>\t\t\t\t<\/div>\n\t\t\t\t<\/div>\n\t\t\t\t<div class=\"elementor-element elementor-element-4121ca6 elementor-widget elementor-widget-heading\" data-id=\"4121ca6\" data-element_type=\"widget\" data-e-type=\"widget\" data-widget_type=\"heading.default\">\n\t\t\t\t<div class=\"elementor-widget-container\">\n\t\t\t\t\t<h2 class=\"elementor-heading-title elementor-size-default\">AT\u00c9 <b style=\"color: #1eb858;font-weight: 900\">30% DE DESCONTO<\/b> TODOS OS MESES<\/h2>\t\t\t\t<\/div>\n\t\t\t\t<\/div>\n\t\t<div class=\"elementor-element elementor-element-6e56f54 e-grid e-con-boxed e-con e-parent\" data-id=\"6e56f54\" data-element_type=\"container\" data-e-type=\"container\">\n\t\t\t\t\t<div class=\"e-con-inner\">\n\t\t\t\t<div class=\"elementor-element elementor-element-e07634d elementor-widget elementor-widget-image\" data-id=\"e07634d\" data-element_type=\"widget\" data-e-type=\"widget\" data-widget_type=\"image.default\">\n\t\t\t\t<div class=\"elementor-widget-container\">\n\t\t\t\t\t\t\t\t\t\t\t\t\t\t\t<img decoding=\"async\" src=\"https:\/\/igreenbeneficios.com.br\/wp-content\/uploads\/2025\/05\/Segredo-do-visto-3.png\" title=\"Segredo do visto\" alt=\"Segredo do visto\" class=\"elementor-animation-pulse-grow\" loading=\"lazy\" \/>\t\t\t\t\t\t\t\t\t\t\t\t\t\t\t<\/div>\n\t\t\t\t<\/div>\n\t\t\t\t<div class=\"elementor-element elementor-element-e6d95c1 elementor-widget elementor-widget-image\" data-id=\"e6d95c1\" data-element_type=\"widget\" data-e-type=\"widget\" data-widget_type=\"image.default\">\n\t\t\t\t<div class=\"elementor-widget-container\">\n\t\t\t\t\t\t\t\t\t\t\t\t\t\t\t<img decoding=\"async\" src=\"https:\/\/igreenbeneficios.com.br\/wp-content\/uploads\/2025\/05\/1651561-2.png\" title=\"1651561\" alt=\"1651561\" class=\"elementor-animation-pulse-grow\" loading=\"lazy\" \/>\t\t\t\t\t\t\t\t\t\t\t\t\t\t\t<\/div>\n\t\t\t\t<\/div>\n\t\t\t\t\t<\/div>\n\t\t\t\t<\/div>\n\t\t\t\t<div class=\"elementor-element elementor-element-2f2e7f0 elementor-widget elementor-widget-spacer\" data-id=\"2f2e7f0\" data-element_type=\"widget\" data-e-type=\"widget\" data-widget_type=\"spacer.default\">\n\t\t\t\t<div class=\"elementor-widget-container\">\n\t\t\t\t\t\t\t<div class=\"elementor-spacer\">\n\t\t\t<div class=\"elementor-spacer-inner\"><\/div>\n\t\t<\/div>\n\t\t\t\t\t\t<\/div>\n\t\t\t\t<\/div>\n\t\t<div class=\"elementor-element elementor-element-acbd43e e-flex e-con-boxed e-con e-parent\" data-id=\"acbd43e\" data-element_type=\"container\" data-e-type=\"container\" data-settings=\"{&quot;background_background&quot;:&quot;classic&quot;}\">\n\t\t\t\t\t<div class=\"e-con-inner\">\n\t\t\t\t<div class=\"elementor-element elementor-element-5fc9e9d elementor-widget elementor-widget-html\" data-id=\"5fc9e9d\" data-element_type=\"widget\" data-e-type=\"widget\" data-widget_type=\"html.default\">\n\t\t\t\t<div class=\"elementor-widget-container\">\n\t\t\t\t\t<!DOCTYPE html>\r\n<html lang=\"pt-BR\">\r\n<head>\r\n    <meta charset=\"UTF-8\">\r\n    <meta name=\"viewport\" content=\"width=device-width, initial-scale=1.0\">\r\n    <title>Cadastro de Lead<\/title>\r\n<\/head>\r\n<body>\r\n\r\n    <form id=\"leadForm\" action=\"https:\/\/dev.dkwsystem.com\/webhook\/wordpress\/leads\/8283d9c0-f7da-4127-9d01-bafcaee8e158\" method=\"POST\">\r\n        <div>\r\n            <label for=\"name\">Nome Completo:<\/label>\r\n            <input type=\"text\" id=\"name\" name=\"name\" required>\r\n        <\/div>\r\n        <br>\r\n        <div>\r\n            <label for=\"email\">E-mail:<\/label>\r\n            <input type=\"email\" id=\"email\" name=\"email\" required>\r\n        <\/div>\r\n        <br>\r\n        <div>\r\n            <label for=\"phone\">Telefone:<\/label>\r\n            <input type=\"tel\" id=\"phone\" name=\"phone\" required>\r\n        <\/div>\r\n        <br>\r\n        <button type=\"submit\">Enviar Formul\u00e1rio<\/button>\r\n    <\/form>\r\n\r\n    <script>\r\n        document.getElementById('leadForm').addEventListener('submit', function(event) {\r\n            event.preventDefault(); \/\/ Impede o envio padr\u00e3o do formul\u00e1rio\r\n\r\n            const formData = new FormData(this);\r\n            const webhookUrl = this.action;\r\n\r\n            fetch(webhookUrl, {\r\n                method: 'POST',\r\n                body: formData,\r\n            })\r\n            .then(response => {\r\n                if (response.ok) {\r\n                    \/\/ Redirecionar para o WhatsApp ap\u00f3s o envio bem-sucedido\r\n                    const whatsappNumber = \"SEU_NUMERO_DE_WHATSAPP_AQUI\"; \/\/ Substitua pelo seu n\u00famero\r\n                    const whatsappLink = `https:\/\/wa.me\/${whatsappNumber}?text=Ol\u00e1,%20vim%20do%20seu%20formul\u00e1rio!`;\r\n                    window.location.href = whatsappLink;\r\n                } else {\r\n                    console.error('Erro ao enviar dados para o webhook:', response.status);\r\n                    alert('Ocorreu um erro ao enviar seus dados. Por favor, tente novamente.');\r\n                }\r\n            })\r\n            .catch(error => {\r\n                console.error('Erro na requisi\u00e7\u00e3o:', error);\r\n                alert('Ocorreu um erro na requisi\u00e7\u00e3o. Por favor, tente novamente.');\r\n            });\r\n        });\r\n    <\/script>\r\n\r\n<\/body>\r\n<\/html>\t\t\t\t<\/div>\n\t\t\t\t<\/div>\n\t\t\t\t\t<\/div>\n\t\t\t\t<\/div>\n\t\t\t\t<div class=\"elementor-element elementor-element-d39cf4d elementor-button-align-stretch elementor-widget elementor-widget-form\" data-id=\"d39cf4d\" data-element_type=\"widget\" data-e-type=\"widget\" data-settings=\"{&quot;step_next_label&quot;:&quot;Next&quot;,&quot;step_previous_label&quot;:&quot;Previous&quot;,&quot;button_width&quot;:&quot;100&quot;,&quot;step_type&quot;:&quot;number_text&quot;,&quot;step_icon_shape&quot;:&quot;circle&quot;}\" data-widget_type=\"form.default\">\n\t\t\t\t<div class=\"elementor-widget-container\">\n\t\t\t\t\t\t\t<form class=\"elementor-form\" method=\"post\" name=\"New Form\">\n\t\t\t<input type=\"hidden\" name=\"post_id\" value=\"12\"\/>\n\t\t\t<input type=\"hidden\" name=\"form_id\" value=\"d39cf4d\"\/>\n\t\t\t<input type=\"hidden\" name=\"referer_title\" value=\"\" \/>\n\n\t\t\t\n\t\t\t<div class=\"elementor-form-fields-wrapper elementor-labels-above\">\n\t\t\t\t\t\t\t\t<div class=\"elementor-field-type-text elementor-field-group elementor-column elementor-field-group-name elementor-col-100\">\n\t\t\t\t\t\t\t\t\t\t\t\t\t<input size=\"1\" type=\"text\" name=\"form_fields[name]\" id=\"form-field-name\" class=\"elementor-field elementor-size-sm  elementor-field-textual\" placeholder=\"Digite seu nome:\">\n\t\t\t\t\t\t\t\t\t\t\t<\/div>\n\t\t\t\t\t\t\t\t<div class=\"elementor-field-type-email elementor-field-group elementor-column elementor-field-group-email elementor-col-100 elementor-field-required\">\n\t\t\t\t\t\t\t\t\t\t\t\t\t<input size=\"1\" type=\"email\" name=\"form_fields[email]\" id=\"form-field-email\" class=\"elementor-field elementor-size-sm  elementor-field-textual\" placeholder=\"Digite seu e-mail:\" required=\"required\" aria-required=\"true\">\n\t\t\t\t\t\t\t\t\t\t\t<\/div>\n\t\t\t\t\t\t\t\t<div class=\"elementor-field-type-tel elementor-field-group elementor-column elementor-field-group-phone elementor-col-100\">\n\t\t\t\t\t\t\t<input size=\"1\" type=\"tel\" name=\"form_fields[phone]\" id=\"form-field-phone\" class=\"elementor-field elementor-size-sm  elementor-field-textual\" placeholder=\"Telefone:\" pattern=\"[0-9()#&amp;+*-=.]+\" title=\"Only numbers and phone characters (#, -, *, etc) are accepted.\">\n\n\t\t\t\t\t\t<\/div>\n\t\t\t\t\t\t\t\t<div class=\"elementor-field-group elementor-column elementor-field-type-submit elementor-col-100 e-form__buttons\">\n\t\t\t\t\t<button type=\"submit\" class=\"elementor-button elementor-size-sm\">\n\t\t\t\t\t\t<span >\n\t\t\t\t\t\t\t\t\t\t\t\t\t\t\t<span class=\" elementor-button-icon\">\n\t\t\t\t\t\t\t\t\t\t\t\t\t\t\t\t\t\t\t\t\t\t\t\t\t\t<\/span>\n\t\t\t\t\t\t\t\t\t\t\t\t\t\t\t\t\t\t\t\t\t\t<span class=\"elementor-button-text\">Send<\/span>\n\t\t\t\t\t\t\t\t\t\t\t\t\t<\/span>\n\t\t\t\t\t<\/button>\n\t\t\t\t<\/div>\n\t\t\t<\/div>\n\t\t<\/form>\n\t\t\t\t\t\t<\/div>\n\t\t\t\t<\/div>\n\t\t\t\t<div class=\"elementor-element elementor-element-28e354e9 elementor-widget elementor-widget-heading\" data-id=\"28e354e9\" data-element_type=\"widget\" data-e-type=\"widget\" data-widget_type=\"heading.default\">\n\t\t\t\t<div class=\"elementor-widget-container\">\n\t\t\t\t\t<h2 class=\"elementor-heading-title elementor-size-default\">DIGITE  ABAIXO E GARANTA SEU DESCONTO OU TREINAMENTO  <br><b>ENTREREMOS EM CONTATO EM AT\u00c9 15 SEGUNDOS<\/b>.\n<\/h2>\t\t\t\t<\/div>\n\t\t\t\t<\/div>\n\t\t\t\t<div class=\"elementor-element elementor-element-42d1e0de elementor-button-align-stretch elementor-widget elementor-widget-form\" data-id=\"42d1e0de\" data-element_type=\"widget\" data-e-type=\"widget\" data-settings=\"{&quot;step_next_label&quot;:&quot;Next&quot;,&quot;step_previous_label&quot;:&quot;Previous&quot;,&quot;button_width&quot;:&quot;100&quot;,&quot;step_type&quot;:&quot;number_text&quot;,&quot;step_icon_shape&quot;:&quot;circle&quot;}\" data-widget_type=\"form.default\">\n\t\t\t\t<div class=\"elementor-widget-container\">\n\t\t\t\t\t\t\t<form class=\"elementor-form\" method=\"post\" name=\"New Form\">\n\t\t\t<input type=\"hidden\" name=\"post_id\" value=\"12\"\/>\n\t\t\t<input type=\"hidden\" name=\"form_id\" value=\"42d1e0de\"\/>\n\t\t\t<input type=\"hidden\" name=\"referer_title\" value=\"\" \/>\n\n\t\t\t\n\t\t\t<div class=\"elementor-form-fields-wrapper elementor-labels-above\">\n\t\t\t\t\t\t\t\t<div class=\"elementor-field-type-text elementor-field-group elementor-column elementor-field-group-field_56c1eb6 elementor-col-100 elementor-field-required\">\n\t\t\t\t\t\t\t\t\t\t\t\t\t<input size=\"1\" type=\"text\" name=\"form_fields[field_56c1eb6]\" id=\"form-field-field_56c1eb6\" class=\"elementor-field elementor-size-lg  elementor-field-textual\" placeholder=\"Nome completo\" required=\"required\" aria-required=\"true\">\n\t\t\t\t\t\t\t\t\t\t\t<\/div>\n\t\t\t\t\t\t\t\t<div class=\"elementor-field-type-text elementor-field-group elementor-column elementor-field-group-name elementor-col-100\">\n\t\t\t\t\t\t\t\t\t\t\t\t\t<input size=\"1\" type=\"text\" name=\"form_fields[name]\" id=\"form-field-name\" class=\"elementor-field elementor-size-lg  elementor-field-textual\" placeholder=\"Seu WhatsApp\">\n\t\t\t\t\t\t\t\t\t\t\t<\/div>\n\t\t\t\t\t\t\t\t<div class=\"elementor-field-type-email elementor-field-group elementor-column elementor-field-group-email elementor-col-100 elementor-field-required\">\n\t\t\t\t\t\t\t\t\t\t\t\t\t<input size=\"1\" type=\"email\" name=\"form_fields[email]\" id=\"form-field-email\" class=\"elementor-field elementor-size-lg  elementor-field-textual\" placeholder=\"Seu melhor E-mail\" required=\"required\" aria-required=\"true\">\n\t\t\t\t\t\t\t\t\t\t\t<\/div>\n\t\t\t\t\t\t\t\t<div class=\"elementor-field-group elementor-column elementor-field-type-submit elementor-col-100 e-form__buttons\">\n\t\t\t\t\t<button type=\"submit\" class=\"elementor-button elementor-size-lg\">\n\t\t\t\t\t\t<span >\n\t\t\t\t\t\t\t\t\t\t\t\t\t\t\t<span class=\" elementor-button-icon\">\n\t\t\t\t\t\t\t\t\t\t\t\t\t\t\t\t\t\t\t\t\t\t\t\t\t\t<\/span>\n\t\t\t\t\t\t\t\t\t\t\t\t\t\t\t\t\t\t\t\t\t\t<span class=\"elementor-button-text\">CONFIRMAR MINHA VAGA!<\/span>\n\t\t\t\t\t\t\t\t\t\t\t\t\t<\/span>\n\t\t\t\t\t<\/button>\n\t\t\t\t<\/div>\n\t\t\t<\/div>\n\t\t<\/form>\n\t\t\t\t\t\t<\/div>\n\t\t\t\t<\/div>\n\t\t\t\t\t<\/div>\n\t\t<\/div>\n\t\t\t\t\t<\/div>\n\t\t<\/section>\n\t\t\t\t<section class=\"elementor-section elementor-top-section elementor-element elementor-element-1b94d8f0 elementor-section-boxed elementor-section-height-default elementor-section-height-default\" data-id=\"1b94d8f0\" data-element_type=\"section\" data-e-type=\"section\" data-settings=\"{&quot;background_background&quot;:&quot;classic&quot;}\">\n\t\t\t\t\t\t\t<div class=\"elementor-background-overlay\"><\/div>\n\t\t\t\t\t\t\t<div class=\"elementor-container elementor-column-gap-default\">\n\t\t\t\t\t<div class=\"elementor-column elementor-col-100 elementor-top-column elementor-element elementor-element-1b3339f3\" data-id=\"1b3339f3\" data-element_type=\"column\" data-e-type=\"column\">\n\t\t\t<div class=\"elementor-widget-wrap elementor-element-populated\">\n\t\t\t\t\t\t<div class=\"elementor-element elementor-element-9351dbb elementor-widget elementor-widget-heading\" data-id=\"9351dbb\" data-element_type=\"widget\" data-e-type=\"widget\" data-widget_type=\"heading.default\">\n\t\t\t\t<div class=\"elementor-widget-container\">\n\t\t\t\t\t<h2 class=\"elementor-heading-title elementor-size-default\">GANHE AT\u00c9 R$ 30 MIL MENSAL CADASTRANDO CONTAS DE ENERGIA <\/h2>\t\t\t\t<\/div>\n\t\t\t\t<\/div>\n\t\t\t\t<div class=\"elementor-element elementor-element-8e97e1c elementor-widget elementor-widget-video\" data-id=\"8e97e1c\" data-element_type=\"widget\" data-e-type=\"widget\" data-settings=\"{&quot;youtube_url&quot;:&quot;https:\\\/\\\/www.youtube.com\\\/watch?v=lvVGEwEhbQE&quot;,&quot;video_type&quot;:&quot;youtube&quot;,&quot;controls&quot;:&quot;yes&quot;}\" data-widget_type=\"video.default\">\n\t\t\t\t<div class=\"elementor-widget-container\">\n\t\t\t\t\t\t\t<div class=\"elementor-wrapper elementor-open-inline\">\n\t\t\t<div class=\"elementor-video\"><\/div>\t\t<\/div>\n\t\t\t\t\t\t<\/div>\n\t\t\t\t<\/div>\n\t\t\t\t<div class=\"elementor-element elementor-element-a69177d elementor-widget elementor-widget-image\" data-id=\"a69177d\" data-element_type=\"widget\" data-e-type=\"widget\" data-widget_type=\"image.default\">\n\t\t\t\t<div class=\"elementor-widget-container\">\n\t\t\t\t\t\t\t\t\t\t\t\t\t\t\t<img decoding=\"async\" width=\"150\" height=\"150\" src=\"https:\/\/igreenbeneficios.com.br\/wp-content\/uploads\/2025\/05\/Design-sem-nome-1-2-300x300-1-150x150.png\" class=\"attachment-thumbnail size-thumbnail wp-image-28\" alt=\"\" srcset=\"https:\/\/igreenbeneficios.com.br\/wp-content\/uploads\/2025\/05\/Design-sem-nome-1-2-300x300-1-150x150.png 150w, https:\/\/igreenbeneficios.com.br\/wp-content\/uploads\/2025\/05\/Design-sem-nome-1-2-300x300-1.png 300w\" sizes=\"(max-width: 150px) 100vw, 150px\" \/>\t\t\t\t\t\t\t\t\t\t\t\t\t\t\t<\/div>\n\t\t\t\t<\/div>\n\t\t\t\t\t<\/div>\n\t\t<\/div>\n\t\t\t\t\t<\/div>\n\t\t<\/section>\n\t\t\t\t<section class=\"elementor-section elementor-top-section elementor-element elementor-element-ecb8792 elementor-section-boxed elementor-section-height-default elementor-section-height-default\" data-id=\"ecb8792\" data-element_type=\"section\" data-e-type=\"section\" data-settings=\"{&quot;background_background&quot;:&quot;classic&quot;}\">\n\t\t\t\t\t\t\t<div class=\"elementor-background-overlay\"><\/div>\n\t\t\t\t\t\t\t<div class=\"elementor-container elementor-column-gap-default\">\n\t\t\t\t\t<div class=\"elementor-column elementor-col-100 elementor-top-column elementor-element elementor-element-1f8de6a\" data-id=\"1f8de6a\" data-element_type=\"column\" data-e-type=\"column\">\n\t\t\t<div class=\"elementor-widget-wrap elementor-element-populated\">\n\t\t\t\t\t\t<div class=\"elementor-element elementor-element-5bbe867 elementor-widget elementor-widget-spacer\" data-id=\"5bbe867\" data-element_type=\"widget\" data-e-type=\"widget\" data-widget_type=\"spacer.default\">\n\t\t\t\t<div class=\"elementor-widget-container\">\n\t\t\t\t\t\t\t<div class=\"elementor-spacer\">\n\t\t\t<div class=\"elementor-spacer-inner\"><\/div>\n\t\t<\/div>\n\t\t\t\t\t\t<\/div>\n\t\t\t\t<\/div>\n\t\t\t\t<div class=\"elementor-element elementor-element-683a942 elementor-widget elementor-widget-image\" data-id=\"683a942\" data-element_type=\"widget\" data-e-type=\"widget\" data-widget_type=\"image.default\">\n\t\t\t\t<div class=\"elementor-widget-container\">\n\t\t\t\t\t\t\t\t\t\t\t\t\t\t\t<img decoding=\"async\" width=\"150\" height=\"150\" src=\"https:\/\/igreenbeneficios.com.br\/wp-content\/uploads\/2025\/05\/Design-sem-nome-1-2-300x300-1-150x150.png\" class=\"attachment-thumbnail size-thumbnail wp-image-28\" alt=\"\" srcset=\"https:\/\/igreenbeneficios.com.br\/wp-content\/uploads\/2025\/05\/Design-sem-nome-1-2-300x300-1-150x150.png 150w, https:\/\/igreenbeneficios.com.br\/wp-content\/uploads\/2025\/05\/Design-sem-nome-1-2-300x300-1.png 300w\" sizes=\"(max-width: 150px) 100vw, 150px\" \/>\t\t\t\t\t\t\t\t\t\t\t\t\t\t\t<\/div>\n\t\t\t\t<\/div>\n\t\t<div class=\"elementor-element elementor-element-58f3673 e-grid e-con-boxed e-con e-parent\" data-id=\"58f3673\" data-element_type=\"container\" data-e-type=\"container\">\n\t\t\t\t\t<div class=\"e-con-inner\">\n\t\t\t\t<div class=\"elementor-element elementor-element-fb5dca2 elementor-widget elementor-widget-image\" data-id=\"fb5dca2\" data-element_type=\"widget\" data-e-type=\"widget\" data-widget_type=\"image.default\">\n\t\t\t\t<div class=\"elementor-widget-container\">\n\t\t\t\t\t\t\t\t\t\t\t\t\t\t\t<img decoding=\"async\" src=\"https:\/\/igreenbeneficios.com.br\/wp-content\/uploads\/2025\/05\/Segredo-do-visto-3.png\" title=\"Segredo do visto\" alt=\"Segredo do visto\" class=\"elementor-animation-pulse-grow\" loading=\"lazy\" \/>\t\t\t\t\t\t\t\t\t\t\t\t\t\t\t<\/div>\n\t\t\t\t<\/div>\n\t\t\t\t<div class=\"elementor-element elementor-element-f691d2a elementor-widget elementor-widget-image\" data-id=\"f691d2a\" data-element_type=\"widget\" data-e-type=\"widget\" data-widget_type=\"image.default\">\n\t\t\t\t<div class=\"elementor-widget-container\">\n\t\t\t\t\t\t\t\t\t\t\t\t\t\t\t<img decoding=\"async\" src=\"https:\/\/igreenbeneficios.com.br\/wp-content\/uploads\/2025\/05\/1651561-2.png\" title=\"1651561\" alt=\"1651561\" class=\"elementor-animation-pulse-grow\" loading=\"lazy\" \/>\t\t\t\t\t\t\t\t\t\t\t\t\t\t\t<\/div>\n\t\t\t\t<\/div>\n\t\t\t\t\t<\/div>\n\t\t\t\t<\/div>\n\t\t\t\t\t<\/div>\n\t\t<\/div>\n\t\t\t\t\t<\/div>\n\t\t<\/section>\n\t\t\t\t<section class=\"elementor-section elementor-top-section elementor-element elementor-element-6d3cbe3 elementor-section-boxed elementor-section-height-default elementor-section-height-default\" data-id=\"6d3cbe3\" data-element_type=\"section\" data-e-type=\"section\" data-settings=\"{&quot;background_background&quot;:&quot;classic&quot;}\">\n\t\t\t\t\t\t\t<div class=\"elementor-background-overlay\"><\/div>\n\t\t\t\t\t\t\t<div class=\"elementor-container elementor-column-gap-default\">\n\t\t\t\t\t<div class=\"elementor-column elementor-col-100 elementor-top-column elementor-element elementor-element-4f9b0bf\" data-id=\"4f9b0bf\" data-element_type=\"column\" data-e-type=\"column\">\n\t\t\t<div class=\"elementor-widget-wrap elementor-element-populated\">\n\t\t\t\t\t\t<div class=\"elementor-element elementor-element-04b06c4 elementor-widget elementor-widget-text-editor\" data-id=\"04b06c4\" data-element_type=\"widget\" data-e-type=\"widget\" data-widget_type=\"text-editor.default\">\n\t\t\t\t<div class=\"elementor-widget-container\">\n\t\t\t\t\t\t\t\t\t<div id=\"comp-lwqcpo37\" class=\"HcOXKn c9GqVL QxJLC3 lq2cno comp-lwqcpo37 wixui-rich-text\" data-testid=\"richTextElement\"><p>Licenciado:\u00a0<strong>ID 59827<\/strong><\/p><\/div><div id=\"WRchTxtw\" class=\"HcOXKn c9GqVL QxJLC3 lq2cno WRchTxtw wixui-rich-text\" data-testid=\"richTextElement\"><p class=\"font_9 wixui-rich-text__text\"><span class=\"color_11 wixui-rich-text__text\"><span class=\"wixui-rich-text__text\">\u200b\u00a9 TODOS OS DIREITOS RESERVADOS A IGREEN ENERGIA COM\u00c9RCIO E SERVI\u00c7OS LTDA CNPJ: 44.159.238\/0001-30<\/span><\/span><\/p><\/div>\t\t\t\t\t\t\t\t<\/div>\n\t\t\t\t<\/div>\n\t\t\t\t\t<\/div>\n\t\t<\/div>\n\t\t\t\t\t<\/div>\n\t\t<\/section>\n\t\t\t\t<\/div>\n\t\t","protected":false},"excerpt":{"rendered":"<p>A Maior Empresa de Energia Limpa do Brasil Sem custos e Sem Instala\u00e7\u00e3o AT\u00c9 30% DE DESCONTO TODOS OS MESES Cadastro de Lead Nome Completo: E-mail: Telefone: Enviar Formul\u00e1rio DIGITE ABAIXO E GARANTA SEU DESCONTO OU TREINAMENTO ENTREREMOS EM CONTATO EM AT\u00c9 15 SEGUNDOS. GANHE AT\u00c9 R$ 30 MIL MENSAL CADASTRANDO CONTAS DE ENERGIA Licenciado:\u00a0ID [&hellip;]<\/p>\n","protected":false},"author":1,"featured_media":0,"parent":0,"menu_order":0,"comment_status":"closed","ping_status":"closed","template":"elementor_canvas","meta":{"footnotes":""},"class_list":["post-12","page","type-page","status-publish","hentry"],"_links":{"self":[{"href":"https:\/\/igreenbeneficios.com.br\/index.php?rest_route=\/wp\/v2\/pages\/12","targetHints":{"allow":["GET"]}}],"collection":[{"href":"https:\/\/igreenbeneficios.com.br\/index.php?rest_route=\/wp\/v2\/pages"}],"about":[{"href":"https:\/\/igreenbeneficios.com.br\/index.php?rest_route=\/wp\/v2\/types\/page"}],"author":[{"embeddable":true,"href":"https:\/\/igreenbeneficios.com.br\/index.php?rest_route=\/wp\/v2\/users\/1"}],"replies":[{"embeddable":true,"href":"https:\/\/igreenbeneficios.com.br\/index.php?rest_route=%2Fwp%2Fv2%2Fcomments&post=12"}],"version-history":[{"count":115,"href":"https:\/\/igreenbeneficios.com.br\/index.php?rest_route=\/wp\/v2\/pages\/12\/revisions"}],"predecessor-version":[{"id":175,"href":"https:\/\/igreenbeneficios.com.br\/index.php?rest_route=\/wp\/v2\/pages\/12\/revisions\/175"}],"wp:attachment":[{"href":"https:\/\/igreenbeneficios.com.br\/index.php?rest_route=%2Fwp%2Fv2%2Fmedia&parent=12"}],"curies":[{"name":"wp","href":"https:\/\/api.w.org\/{rel}","templated":true}]}}